{"id":247,"date":"2020-07-14T13:51:00","date_gmt":"2020-07-14T11:51:00","guid":{"rendered":"http:\/\/wp2020.eddimusik.de\/wp2020\/?page_id=247"},"modified":"2025-04-16T13:49:13","modified_gmt":"2025-04-16T11:49:13","slug":"musik","status":"publish","type":"page","link":"https:\/\/eddimusik.de\/en\/musik\/","title":{"rendered":"Music &amp; Videos"},"content":{"rendered":"<style type=\"text\/css\" data-created_by=\"avia_inline_auto\" id=\"style-css-av-eldrr-fbac2079254b07b1a0839d6da550e605\">\n.flex_column.av-eldrr-fbac2079254b07b1a0839d6da550e605{\nborder-radius:0px 0px 0px 0px;\npadding:0px 0px 0px 0px;\n}\n<\/style>\n<div  class='flex_column av-eldrr-fbac2079254b07b1a0839d6da550e605 av_one_half  avia-builder-el-0  el_before_av_one_half  avia-builder-el-first  first flex_column_div av-zero-column-padding'     ><section  class='av_textblock_section av-kejwk64e-ce31cf9d0f71e92915cd29bcd0118ac9'   itemscope=\"itemscope\" itemtype=\"https:\/\/schema.org\/CreativeWork\" ><div class='avia_textblock'  itemprop=\"text\" ><div class=\"pb-text\">\n<h3 class=\"p1\" style=\"text-align: left;\"><strong><span class=\"s1\">Wo gibts denn hier Musik?<\/span><\/strong><\/h3>\n<p style=\"text-align: left;\">Die Eddimusik gibts jetzt nicht mehr nur auf CD. Du kannst dir bei <span style=\"text-decoration: underline;\"><strong><a href=\"https:\/\/music.apple.com\/de\/artist\/eddi-musik\/1535763545\" target=\"_blank\" rel=\"noopener\">Apple Music<\/a><\/strong><\/span>\u00a0und <strong><a href=\"https:\/\/eddimusik.bandcamp.com\/\" target=\"_blank\" rel=\"noopener\"><span style=\"text-decoration: underline;\">Bandcamp<\/span><\/a><\/strong> unsere ganzen Lieder digital kaufen und bei <strong><a href=\"https:\/\/open.spotify.com\/artist\/0CMKThstsRZUI6ifYDNkxe?si=TEHCdMOxSKWRY-9BQcEjkQ\" target=\"_blank\" rel=\"noopener\"><span style=\"text-decoration: underline;\">Spotify<\/span><\/a><\/strong> sogar einige umsonst anh\u00f6ren.<\/p>\n<\/div>\n<div class=\"pb-text\" style=\"text-align: left;\">\n<p>Und weil es ja auch so sch\u00f6n ist, auch die Bilder anzusehen, gibt es jetzt zu vielen Liedern kleine Musikvideos. Die k\u00f6nnt ihr auf unserem Youtube Kanal <span style=\"text-decoration: underline;\"><strong><a href=\"https:\/\/www.youtube.com\/channel\/UCkdWNclMz-8-dxfixrEeFAw\" target=\"_blank\" rel=\"noopener\">EDDIMUSIK<\/a><\/strong><\/span> anschauen.<\/p>\n<\/div>\n<div style=\"text-align: left;\"><\/div>\n<div class=\"pb-text\" style=\"text-align: left;\">Dort gibt es auch tolle Mitsing-Karaoke-Videos. Damit k\u00f6nnt ihr die Songs ganz schnell lernen und mitztr\u00e4llern &#8211; ein paar sogar auf Englisch.<\/div>\n<div class=\"pb-text\" style=\"text-align: left;\"><\/div>\n<\/div><\/section><\/div>\n<style type=\"text\/css\" data-created_by=\"avia_inline_auto\" id=\"style-css-av-9jnbz-deafd8097afdc2bb788960022ae877ea\">\n.flex_column.av-9jnbz-deafd8097afdc2bb788960022ae877ea{\nborder-radius:0px 0px 0px 0px;\npadding:0px 0px 0px 0px;\n}\n<\/style>\n<div  class='flex_column av-9jnbz-deafd8097afdc2bb788960022ae877ea av_one_half  avia-builder-el-2  el_after_av_one_half  el_before_av_textblock  flex_column_div av-zero-column-padding'     ><section  class='av_textblock_section av-kejwhrp3-5ce6e3f94257572133103a2cf67c9c88'   itemscope=\"itemscope\" itemtype=\"https:\/\/schema.org\/CreativeWork\" ><div class='avia_textblock'  itemprop=\"text\" ><h3 class=\"p1\"><strong><span class=\"s1\"><img loading=\"lazy\" decoding=\"async\" class=\"alignnone size-full wp-image-536\" src=\"https:\/\/eddimusik.de\/wp-content\/uploads\/2020\/09\/Musik-und-Video-1050x770-1.jpg\" alt=\"\" width=\"1050\" height=\"770\" srcset=\"https:\/\/eddimusik.de\/wp-content\/uploads\/2020\/09\/Musik-und-Video-1050x770-1.jpg 1050w, https:\/\/eddimusik.de\/wp-content\/uploads\/2020\/09\/Musik-und-Video-1050x770-1-300x220.jpg 300w, https:\/\/eddimusik.de\/wp-content\/uploads\/2020\/09\/Musik-und-Video-1050x770-1-1030x755.jpg 1030w, https:\/\/eddimusik.de\/wp-content\/uploads\/2020\/09\/Musik-und-Video-1050x770-1-768x563.jpg 768w, https:\/\/eddimusik.de\/wp-content\/uploads\/2020\/09\/Musik-und-Video-1050x770-1-705x517.jpg 705w\" sizes=\"auto, (max-width: 1050px) 100vw, 1050px\" \/><\/span><\/strong><\/h3>\n<\/div><\/section><\/div><\/p>\n<section  class='av_textblock_section av-kclwqsmb-eda0233dfbbb142e3c1825b08de88804'   itemscope=\"itemscope\" itemtype=\"https:\/\/schema.org\/CreativeWork\" ><div class='avia_textblock'  itemprop=\"text\" ><div class=\"pb-text\" style=\"text-align: left;\">\n<p style=\"text-align: center;\"><strong>Musik ist hier erh\u00e4ltlich:<br \/>\n<\/strong><\/p>\n<p style=\"text-align: center;\"><a href=\"https:\/\/www.amazon.de\/s?k=Biermann%26Kacirek&#038;i=digital-music&#038;search-type=ss&#038;ref=ntt_srch_drd_B082DGJHFB\" target=\"_blank\" rel=\"noopener\"><img loading=\"lazy\" decoding=\"async\" class=\"alignnone size-full wp-image-290\" src=\"https:\/\/eddimusik.de\/wp-content\/uploads\/2020\/07\/music-service_amazonmp3.png\" alt=\"\" width=\"125\" height=\"40\" \/> <\/a>\u00a0<a href=\"https:\/\/music.apple.com\/de\/artist\/biermann-kacirek\/1490256810\" target=\"_blank\" rel=\"noopener\"><img loading=\"lazy\" decoding=\"async\" class=\"alignnone wp-image-289 size-full\" src=\"https:\/\/eddimusik.de\/wp-content\/uploads\/2020\/07\/DE_iTunes_Store_Get_Badge_RGB_012518.png\" alt=\"\" width=\"139\" height=\"41\" \/><\/a><a href=\"https:\/\/eddimusik.bandcamp.com\/\" target=\"_blank\" rel=\"noopener\"><img loading=\"lazy\" decoding=\"async\" class=\"alignnone size-full wp-image-288\" src=\"https:\/\/eddimusik.de\/wp-content\/uploads\/2020\/07\/bandcamp-logotype-color-32.png\" alt=\"\" width=\"110\" height=\"32\" \/><\/a><a href=\"https:\/\/open.spotify.com\/artist\/0CMKThstsRZUI6ifYDNkxe?si=TEHCdMOxSKWRY-9BQcEjkQ\" target=\"_blank\" rel=\"noopener\"><img loading=\"lazy\" decoding=\"async\" class=\"alignnone wp-image-291\" src=\"http:\/\/wp2020.eddimusik.de\/wp2020\/wp-content\/uploads\/2020\/07\/Spotify_Logo_RGB_Green.png\" alt=\"\" width=\"120\" height=\"36\" srcset=\"https:\/\/eddimusik.de\/wp-content\/uploads\/2020\/07\/Spotify_Logo_RGB_Green.png 2362w, https:\/\/eddimusik.de\/wp-content\/uploads\/2020\/07\/Spotify_Logo_RGB_Green-300x90.png 300w, https:\/\/eddimusik.de\/wp-content\/uploads\/2020\/07\/Spotify_Logo_RGB_Green-1030x309.png 1030w, https:\/\/eddimusik.de\/wp-content\/uploads\/2020\/07\/Spotify_Logo_RGB_Green-768x231.png 768w, https:\/\/eddimusik.de\/wp-content\/uploads\/2020\/07\/Spotify_Logo_RGB_Green-1536x461.png 1536w, https:\/\/eddimusik.de\/wp-content\/uploads\/2020\/07\/Spotify_Logo_RGB_Green-2048x615.png 2048w, https:\/\/eddimusik.de\/wp-content\/uploads\/2020\/07\/Spotify_Logo_RGB_Green-1500x450.png 1500w, https:\/\/eddimusik.de\/wp-content\/uploads\/2020\/07\/Spotify_Logo_RGB_Green-705x212.png 705w\" sizes=\"auto, (max-width: 120px) 100vw, 120px\" \/><\/a><\/p>\n<\/div>\n<\/div><\/section>\n\n<style type=\"text\/css\" data-created_by=\"avia_inline_auto\" id=\"style-css-av-7ifj3-ba91d969345eee9f56fcd3db7cefc71c\">\n.flex_column.av-7ifj3-ba91d969345eee9f56fcd3db7cefc71c{\nborder-radius:0px 0px 0px 0px;\npadding:0px 0px 0px 0px;\n}\n<\/style>\n<div  class='flex_column av-7ifj3-ba91d969345eee9f56fcd3db7cefc71c av_one_full  avia-builder-el-5  el_after_av_textblock  el_before_av_one_half  first flex_column_div av-zero-column-padding  column-top-margin'     ><p>\n<style type=\"text\/css\" data-created_by=\"avia_inline_auto\" id=\"style-css-av-kclxbaet-f99f77b9c4d21322f87efa0ef6ceba0d\">\n#top .av-special-heading.av-kclxbaet-f99f77b9c4d21322f87efa0ef6ceba0d{\npadding-bottom:10px;\n}\nbody .av-special-heading.av-kclxbaet-f99f77b9c4d21322f87efa0ef6ceba0d .av-special-heading-tag .heading-char{\nfont-size:25px;\n}\n.av-special-heading.av-kclxbaet-f99f77b9c4d21322f87efa0ef6ceba0d .av-subheading{\nfont-size:15px;\n}\n<\/style>\n<div  class='av-special-heading av-kclxbaet-f99f77b9c4d21322f87efa0ef6ceba0d av-special-heading-h2 blockquote modern-quote modern-centered  avia-builder-el-6  el_before_av_button  avia-builder-el-first'><h2 class='av-special-heading-tag'  itemprop=\"headline\"  >Videos von Eddi Musik<\/h2><div class=\"special-heading-border\"><div class=\"special-heading-inner-border\"><\/div><\/div><\/div><br \/>\n<div  class='avia-button-wrap av-kclx61q2-f5c40d07708d204032c886f3be188161-wrap avia-button-center  avia-builder-el-7  el_after_av_heading  avia-builder-el-last'><a href='https:\/\/www.youtube.com\/channel\/UCkdWNclMz-8-dxfixrEeFAw'  class='avia-button av-kclx61q2-f5c40d07708d204032c886f3be188161 av-link-btn avia-icon_select-yes-left-icon avia-size-large avia-position-center avia-color-orange'  target=\"_blank\"  rel=\"noopener noreferrer\"  aria-label=\"Zum YouTube Kanal\"><span class='avia_button_icon avia_button_icon_left avia-iconfont avia-font-entypo-fontello' data-av_icon='\ue921' data-av_iconfont='entypo-fontello' ><\/span><span class='avia_iconbox_title' >Zum YouTube Kanal<\/span><\/a><\/div><\/p><\/div>\n\n<style type=\"text\/css\" data-created_by=\"avia_inline_auto\" id=\"style-css-av-f4ozj-c4249a812b1782923e68a7780f9d1fb3\">\n.flex_column.av-f4ozj-c4249a812b1782923e68a7780f9d1fb3{\nborder-radius:0px 0px 0px 0px;\npadding:0px 0px 0px 0px;\n}\n<\/style>\n<div  class='flex_column av-f4ozj-c4249a812b1782923e68a7780f9d1fb3 av_one_half  avia-builder-el-8  el_after_av_one_full  el_before_av_one_half  first flex_column_div av-zero-column-padding  column-top-margin'     ><p><div  class='avia-video av-kclx1dye-ea5c518bbbaaa85ca9a8097ae0e0b498 avia-video-16-9 av-no-preview-image avia-video-load-always av-lazyload-immediate av-lazyload-video-embed'  itemprop=\"video\" itemtype=\"https:\/\/schema.org\/VideoObject\"  data-original_url='https:\/\/www.youtube.com\/watch?v=cowVffxI4W8&feature=emb_logo'><script type='text\/html' class='av-video-tmpl'><div class='avia-iframe-wrap'><iframe loading=\"lazy\" title=\"Little Snow-White Ballerina | Weihnachtslieder auf Englisch zum Mitsingen\" width=\"1500\" height=\"844\" src=\"https:\/\/www.youtube.com\/embed\/cowVffxI4W8?feature=oembed&autoplay=0&loop=0&controls=1&mute=0\" frameborder=\"0\" allow=\"accelerometer; autoplay; encrypted-media; gyroscope; picture-in-picture\" allowfullscreen><\/iframe><\/div><\/script><div class='av-click-to-play-overlay'><div class=\"avia_playpause_icon\"><\/div><\/div><\/div><br \/>\n<div  class='avia-video av-kclx6flq-b425febf06f49aa5dfd58787ccc94cda avia-video-16-9 av-no-preview-image avia-video-load-always av-lazyload-immediate av-lazyload-video-embed'  itemprop=\"video\" itemtype=\"https:\/\/schema.org\/VideoObject\"  data-original_url='https:\/\/youtu.be\/snGERK1t90s'><script type='text\/html' class='av-video-tmpl'><div class='avia-iframe-wrap'><iframe loading=\"lazy\" title=\"Karaoke | Wer hat die Kokosnuss geklaut? | Kinderlieder zum Mitsingen\" width=\"1500\" height=\"844\" src=\"https:\/\/www.youtube.com\/embed\/snGERK1t90s?feature=oembed&autoplay=0&loop=0&controls=1&mute=0\" frameborder=\"0\" allow=\"accelerometer; autoplay; encrypted-media; gyroscope; picture-in-picture\" allowfullscreen><\/iframe><\/div><\/script><div class='av-click-to-play-overlay'><div class=\"avia_playpause_icon\"><\/div><\/div><\/div><br \/>\n<div  class='avia-video av-kclx6xy1-ec5143905ae1b6bd466283dca0f2957f avia-video-16-9 av-no-preview-image avia-video-load-always av-lazyload-immediate av-lazyload-video-embed'  itemprop=\"video\" itemtype=\"https:\/\/schema.org\/VideoObject\"  data-original_url='https:\/\/youtu.be\/hkm4VOx-PXE'><script type='text\/html' class='av-video-tmpl'><div class='avia-iframe-wrap'><iframe loading=\"lazy\" title=\"Gr\u00fcn, gr\u00fcn, gr\u00fcn | Kinderlieder zum Mitsingen\" width=\"1500\" height=\"844\" src=\"https:\/\/www.youtube.com\/embed\/hkm4VOx-PXE?feature=oembed&autoplay=0&loop=0&controls=1&mute=0\" frameborder=\"0\" allow=\"accelerometer; autoplay; encrypted-media; gyroscope; picture-in-picture\" allowfullscreen><\/iframe><\/div><\/script><div class='av-click-to-play-overlay'><div class=\"avia_playpause_icon\"><\/div><\/div><\/div><\/p><\/div>\n\n<style type=\"text\/css\" data-created_by=\"avia_inline_auto\" id=\"style-css-av-qkzb-0e9e2a68c1c986eecaf3347077864a7c\">\n.flex_column.av-qkzb-0e9e2a68c1c986eecaf3347077864a7c{\nborder-radius:0px 0px 0px 0px;\npadding:0px 0px 0px 0px;\n}\n<\/style>\n<div  class='flex_column av-qkzb-0e9e2a68c1c986eecaf3347077864a7c av_one_half  avia-builder-el-12  el_after_av_one_half  avia-builder-el-last  flex_column_div av-zero-column-padding  column-top-margin'     ><p><div  class='avia-video av-kclx1psx-34f413bdd2405600a1c3417463919076 avia-video-16-9 av-no-preview-image avia-video-load-always av-lazyload-immediate av-lazyload-video-embed'  itemprop=\"video\" itemtype=\"https:\/\/schema.org\/VideoObject\"  data-original_url='https:\/\/www.youtube.com\/watch?v=wfsyUZWFYmU'><script type='text\/html' class='av-video-tmpl'><div class='avia-iframe-wrap'><iframe loading=\"lazy\" title=\"Morgenstund hat Gold im Mund | Kinderlieder zum Mitsingen\" width=\"1500\" height=\"844\" src=\"https:\/\/www.youtube.com\/embed\/wfsyUZWFYmU?feature=oembed&autoplay=0&loop=0&controls=1&mute=0\" frameborder=\"0\" allow=\"accelerometer; autoplay; encrypted-media; gyroscope; picture-in-picture\" allowfullscreen><\/iframe><\/div><\/script><div class='av-click-to-play-overlay'><div class=\"avia_playpause_icon\"><\/div><\/div><\/div><br \/>\n<div  class='avia-video av-kclx6n68-9ef8f967f5b378b5e7e08c3d36057057 avia-video-16-9 av-no-preview-image avia-video-load-always av-lazyload-immediate av-lazyload-video-embed'  itemprop=\"video\" itemtype=\"https:\/\/schema.org\/VideoObject\"  data-original_url='https:\/\/youtu.be\/Za2CcXvJ4h0'><script type='text\/html' class='av-video-tmpl'><div class='avia-iframe-wrap'><iframe loading=\"lazy\" title=\"Karaoke | Gr\u00fcn, gr\u00fcn, gr\u00fcn |  Kinderlieder zum Mitsingen\" width=\"1500\" height=\"844\" src=\"https:\/\/www.youtube.com\/embed\/Za2CcXvJ4h0?feature=oembed&autoplay=0&loop=0&controls=1&mute=0\" frameborder=\"0\" allow=\"accelerometer; autoplay; encrypted-media; gyroscope; picture-in-picture\" allowfullscreen><\/iframe><\/div><\/script><div class='av-click-to-play-overlay'><div class=\"avia_playpause_icon\"><\/div><\/div><\/div><br \/>\n<div  class='avia-video av-kclx77ak-a7dd427bfc9485acf7c605c32a456a16 avia-video-16-9 av-no-preview-image avia-video-load-always av-lazyload-immediate av-lazyload-video-embed'  itemprop=\"video\" itemtype=\"https:\/\/schema.org\/VideoObject\"  data-original_url='https:\/\/youtu.be\/zBIqWrq5C6U'><script type='text\/html' class='av-video-tmpl'><div class='avia-iframe-wrap'><iframe loading=\"lazy\" title=\"Eine Muh, eine M\u00e4h | Weihnachtslieder zum Mitsingen\" width=\"1500\" height=\"844\" src=\"https:\/\/www.youtube.com\/embed\/zBIqWrq5C6U?feature=oembed&autoplay=0&loop=0&controls=1&mute=0\" frameborder=\"0\" allow=\"accelerometer; autoplay; encrypted-media; gyroscope; picture-in-picture\" allowfullscreen><\/iframe><\/div><\/script><div class='av-click-to-play-overlay'><div class=\"avia_playpause_icon\"><\/div><\/div><\/div><\/p><\/div>","protected":false},"excerpt":{"rendered":"","protected":false},"author":1,"featured_media":0,"parent":0,"menu_order":0,"comment_status":"closed","ping_status":"closed","template":"","meta":{"footnotes":""},"class_list":["post-247","page","type-page","status-publish","hentry"],"_links":{"self":[{"href":"https:\/\/eddimusik.de\/en\/wp-json\/wp\/v2\/pages\/247","targetHints":{"allow":["GET"]}}],"collection":[{"href":"https:\/\/eddimusik.de\/en\/wp-json\/wp\/v2\/pages"}],"about":[{"href":"https:\/\/eddimusik.de\/en\/wp-json\/wp\/v2\/types\/page"}],"author":[{"embeddable":true,"href":"https:\/\/eddimusik.de\/en\/wp-json\/wp\/v2\/users\/1"}],"replies":[{"embeddable":true,"href":"https:\/\/eddimusik.de\/en\/wp-json\/wp\/v2\/comments?post=247"}],"version-history":[{"count":27,"href":"https:\/\/eddimusik.de\/en\/wp-json\/wp\/v2\/pages\/247\/revisions"}],"predecessor-version":[{"id":939,"href":"https:\/\/eddimusik.de\/en\/wp-json\/wp\/v2\/pages\/247\/revisions\/939"}],"wp:attachment":[{"href":"https:\/\/eddimusik.de\/en\/wp-json\/wp\/v2\/media?parent=247"}],"curies":[{"name":"wp","href":"https:\/\/api.w.org\/{rel}","templated":true}]}}