{"id":251,"date":"2020-07-14T13:51:28","date_gmt":"2020-07-14T11:51:28","guid":{"rendered":"http:\/\/wp2020.eddimusik.de\/wp2020\/?page_id=251"},"modified":"2020-11-19T14:08:56","modified_gmt":"2020-11-19T13:08:56","slug":"eddi","status":"publish","type":"page","link":"https:\/\/eddimusik.de\/en\/eddi\/","title":{"rendered":"Eddi"},"content":{"rendered":"<style type=\"text\/css\" data-created_by=\"avia_inline_auto\" id=\"style-css-av-a4ivn-ded66296dbb30667222953450a1086aa\">\n.flex_column.av-a4ivn-ded66296dbb30667222953450a1086aa{\nborder-radius:0px 0px 0px 0px;\npadding:0px 0px 0px 0px;\n}\n<\/style>\n<div  class='flex_column av-a4ivn-ded66296dbb30667222953450a1086aa av_one_full  avia-builder-el-0  avia-builder-el-no-sibling  first flex_column_div av-zero-column-padding'     ><section  class='av_textblock_section av-kclzquyv-376a3da972d9514ac20be59e9e382979'   itemscope=\"itemscope\" itemtype=\"https:\/\/schema.org\/CreativeWork\" ><div class='avia_textblock'  itemprop=\"text\" ><div id=\"pb_line_6135731BEB7F0E22B61E1DF07C8487EC\" class=\"pb-line pb-clear-fix\" style=\"text-align: left;\">\n<div class=\"pb-space-line\"><\/div>\n<div>\n<div class=\"pb-text\">\n<p><strong>Das sind die Eddi-Liederb\u00fccher!<\/strong><\/p>\n<\/div>\n<\/div>\n<\/div>\n<\/div><\/section><br \/>\n<section  class='av_textblock_section av-kclzquyv-376a3da972d9514ac20be59e9e382979'   itemscope=\"itemscope\" itemtype=\"https:\/\/schema.org\/CreativeWork\" ><div class='avia_textblock'  itemprop=\"text\" ><p><img loading=\"lazy\" decoding=\"async\" class=\"alignnone size-full wp-image-227 aligncenter\" src=\"http:\/\/wp2020.eddimusik.de\/wp2020\/wp-content\/uploads\/2020\/07\/eddi-musik_logo_rgb-1.png\" alt=\"Eddi Musik Logo klein\" width=\"340\" height=\"351\" srcset=\"https:\/\/eddimusik.de\/wp-content\/uploads\/2020\/07\/eddi-musik_logo_rgb-1.png 340w, https:\/\/eddimusik.de\/wp-content\/uploads\/2020\/07\/eddi-musik_logo_rgb-1-291x300.png 291w, https:\/\/eddimusik.de\/wp-content\/uploads\/2020\/07\/eddi-musik_logo_rgb-1-36x36.png 36w\" sizes=\"auto, (max-width: 340px) 100vw, 340px\" \/><\/p>\n<\/div><\/section><br \/>\n<section  class='av_textblock_section av-kel479pa-78e431a1bc8c45f08c76bfff7a2c22d2'   itemscope=\"itemscope\" itemtype=\"https:\/\/schema.org\/CreativeWork\" ><div class='avia_textblock'  itemprop=\"text\" ><p>Liebevoll, mit gro\u00dfer musikalischer Ernsthaftigkeit und sehr hohem k\u00fcnstlerischen Anspruch entstauben Nils Kacirek und Franziska Biermann teils altbekannte, teils in Vergessenheit geratene Weihnachtslieder und Kinderlieder und machen sie wieder zug\u00e4nglich.<\/p>\n<p>Musikalisch gibt es keine Grenzen. Die Lieder werden aufgebrochen, gepr\u00fcft, poliert, mit neuem Takt und Tempo versehen. Am Ende entstehen zeitgen\u00f6ssische, experimentelle und mutige Arrangements, die von hochkar\u00e4tigen Musikern eingespielt und von einer S\u00e4ngermischung aus Profis, Erwachsenen und Kindern eingesungen werden.<\/p>\n<p>Den jungen H\u00f6rer\u2013innen soll ein m\u00f6glichst gro\u00dfes klangliches Spektrum zum Entdecken angeboten werden.<\/p>\n<p>Damit diese Entdeckungsreise aber nicht nur mit den Ohren, sondern auch mit den Augen gelingt, wird parallel zu den Liedern, die man auf der beiliegenden CD\u00b4s (oder MP\u00b43 zum download) h\u00f6ren kann, eine Geschichte mit Bildern der Illustratorin Franziska Biermann erz\u00e4hlt. Im Zentrum der Story steht Eddi Eichhorn, als musikalischer Reporter.<\/p>\n<\/div><\/section><br \/>\n<section  class='av_textblock_section av-kclzquyv-376a3da972d9514ac20be59e9e382979'   itemscope=\"itemscope\" itemtype=\"https:\/\/schema.org\/CreativeWork\" ><div class='avia_textblock'  itemprop=\"text\" ><p><img loading=\"lazy\" decoding=\"async\" class=\"aligncenter wp-image-528\" src=\"http:\/\/wp2020.eddimusik.de\/wp2020\/wp-content\/uploads\/2020\/09\/B6B33C72-8A89-4F98-8A76-0A3218A1C822@fritz.box_-768x786-1.jpeg\" alt=\"\" width=\"500\" height=\"512\" srcset=\"https:\/\/eddimusik.de\/wp-content\/uploads\/2020\/09\/B6B33C72-8A89-4F98-8A76-0A3218A1C822@fritz.box_-768x786-1.jpeg 768w, https:\/\/eddimusik.de\/wp-content\/uploads\/2020\/09\/B6B33C72-8A89-4F98-8A76-0A3218A1C822@fritz.box_-768x786-1-293x300.jpeg 293w, https:\/\/eddimusik.de\/wp-content\/uploads\/2020\/09\/B6B33C72-8A89-4F98-8A76-0A3218A1C822@fritz.box_-768x786-1-36x36.jpeg 36w, https:\/\/eddimusik.de\/wp-content\/uploads\/2020\/09\/B6B33C72-8A89-4F98-8A76-0A3218A1C822@fritz.box_-768x786-1-689x705.jpeg 689w\" sizes=\"auto, (max-width: 500px) 100vw, 500px\" \/><\/p>\n<\/div><\/section><br \/>\n<div  class='hr av-lg617-87d3397de26a73620e040160006438b7 hr-default  avia-builder-el-5  el_after_av_textblock  el_before_av_textblock'><span class='hr-inner'><span class=\"hr-inner-style\"><\/span><\/span><\/div><br \/>\n<section  class='av_textblock_section av-kejxkrum-2fa0cc09421e4236d4f7b3f5c1f3c3ca'   itemscope=\"itemscope\" itemtype=\"https:\/\/schema.org\/CreativeWork\" ><div class='avia_textblock'  itemprop=\"text\" ><div class=\"pb-text\">\n<h3 class=\"p1\" style=\"text-align: left;\"><span class=\"s1\"><b>Die Autoren<\/b><\/span><\/h3>\n<p class=\"p3\"><span class=\"s1\">Franziska Biermann schreibt und zeichnet Kinderb\u00fccher in der Hamburger Ateliergemeinschaft Freudenhammer.<span class=\"Apple-converted-space\">\u00a0 <\/span>F\u00fcr ihr Buch \u201dHerr Fuchs mag B\u00fccher\u201d erhielt sie 2002 den Troisdorfer Bilderbuchpreis. Weihnachten 2007 ver\u00f6ffentlichten Franziska Biermann und ihr Mann, der Musiker Nils Kacirek, das erste gemeinsames Musikbilderbuch \u201dAm Weihnachtsbaume\u201d (Hrgs. Susanne Koppe). Es folgten f\u00fcnf weitere gemeinsame Projekte. \u201d\u00dcbermorgen kommt der Weihnachtsmanns\u201d ist das neueste Werk. <a href=\"http:\/\/www.franziskabiermann.de\/\"><span class=\"s2\">www.franziskabiermann.de<\/span><\/a><\/span><\/p>\n<p class=\"p3\"><span class=\"s1\">Nils Kacirek ist Komponist und Musiker. Nach ersten musikalischen Ver\u00f6ffentlichungen als Teil der Band plexiq, komponiert er heute in den Freudenhammer Studios in Hamburg, Musik f\u00fcr zahlreiche nationale und internationale Film und Fernsehproduktionen. <\/span><a href=\"http:\/\/nilskacirek.de\/\" target=\"_blank\" rel=\"noopener noreferrer\"><span class=\"s1\">www.nilskacirek.de<\/span><\/a><\/p>\n<p><span class=\"s1\">Seit 2002 entwickelt und produziert Nils Kacirek in Zusammenarbeit mit Franziska Biermann Kinderliederb\u00fccher.<br \/>\n<\/span><\/p>\n<p class=\"p3\"><span class=\"s1\">Bisher erschienen sind:\u00a0\u201eAm Weihnachtsbaume\u201c, \u201eZirkus\u201c, \u201eHerzlichen Gl\u00fcckwunsch, kleines Huhn\u201c, \u201dSch\u00f6n ist die Welt!\u201d, \u201dEddi Eichhorn und das unglaubliche Geburtstagsdings!\u201d und \u201e\u00dcbermorgen kommt der Weihnachtsmann\u201c<\/span><\/p>\n<p>\u2026alle im Carlsen Verlag!<\/p>\n<p>Das Eddimusik sich aber stetig weiterentwickelt und nun auch ein munteres Eigenleben im SocialMedia Bereich f\u00fchrt ist dem dritten Eichh\u00f6rnchen <a href=\"https:\/\/eddimedia.de\/team\/\" target=\"_blank\" rel=\"noopener noreferrer\">Eva Fouquet<\/a> zu verdanken. Sie betreut und entwickelt seit 2019 die neuen EddiMusik-Filmchen, den <a href=\"https:\/\/www.youtube.com\/channel\/UCkdWNclMz-8-dxfixrEeFAw\" target=\"_blank\" rel=\"noopener noreferrer\">Youtube-Kanal,<\/a> die <a href=\"https:\/\/www.pinterest.de\/Eddimusik\/\" target=\"_blank\" rel=\"noopener noreferrer\">Pinterest Pins<\/a> und die <a href=\"https:\/\/www.instagram.com\/eddimusik.de\" target=\"_blank\" rel=\"noopener\">Insta-Stories.<\/a><\/p>\n<\/div>\n<\/div><\/section><br \/>\n<section  class='av_textblock_section av-kejxkyxm-bdfcc009485a6dcc8dec04e25d086804'   itemscope=\"itemscope\" itemtype=\"https:\/\/schema.org\/CreativeWork\" ><div class='avia_textblock'  itemprop=\"text\" ><p><img loading=\"lazy\" decoding=\"async\" class=\"alignnone wp-image-573 aligncenter\" src=\"https:\/\/eddimusik.de\/wp-content\/uploads\/2020\/11\/Web_FN-300x200.jpg\" alt=\"\" width=\"557\" height=\"371\" srcset=\"https:\/\/eddimusik.de\/wp-content\/uploads\/2020\/11\/Web_FN-300x200.jpg 300w, https:\/\/eddimusik.de\/wp-content\/uploads\/2020\/11\/Web_FN-1030x687.jpg 1030w, https:\/\/eddimusik.de\/wp-content\/uploads\/2020\/11\/Web_FN-768x512.jpg 768w, https:\/\/eddimusik.de\/wp-content\/uploads\/2020\/11\/Web_FN-1536x1024.jpg 1536w, https:\/\/eddimusik.de\/wp-content\/uploads\/2020\/11\/Web_FN-2048x1365.jpg 2048w, https:\/\/eddimusik.de\/wp-content\/uploads\/2020\/11\/Web_FN-1500x1000.jpg 1500w, https:\/\/eddimusik.de\/wp-content\/uploads\/2020\/11\/Web_FN-705x470.jpg 705w\" sizes=\"auto, (max-width: 557px) 100vw, 557px\" \/><\/p>\n<\/div><\/section><\/p><\/div>","protected":false},"excerpt":{"rendered":"","protected":false},"author":1,"featured_media":0,"parent":0,"menu_order":0,"comment_status":"closed","ping_status":"closed","template":"","meta":{"footnotes":""},"class_list":["post-251","page","type-page","status-publish","hentry"],"_links":{"self":[{"href":"https:\/\/eddimusik.de\/en\/wp-json\/wp\/v2\/pages\/251","targetHints":{"allow":["GET"]}}],"collection":[{"href":"https:\/\/eddimusik.de\/en\/wp-json\/wp\/v2\/pages"}],"about":[{"href":"https:\/\/eddimusik.de\/en\/wp-json\/wp\/v2\/types\/page"}],"author":[{"embeddable":true,"href":"https:\/\/eddimusik.de\/en\/wp-json\/wp\/v2\/users\/1"}],"replies":[{"embeddable":true,"href":"https:\/\/eddimusik.de\/en\/wp-json\/wp\/v2\/comments?post=251"}],"version-history":[{"count":21,"href":"https:\/\/eddimusik.de\/en\/wp-json\/wp\/v2\/pages\/251\/revisions"}],"predecessor-version":[{"id":576,"href":"https:\/\/eddimusik.de\/en\/wp-json\/wp\/v2\/pages\/251\/revisions\/576"}],"wp:attachment":[{"href":"https:\/\/eddimusik.de\/en\/wp-json\/wp\/v2\/media?parent=251"}],"curies":[{"name":"wp","href":"https:\/\/api.w.org\/{rel}","templated":true}]}}